{"id":77,"date":"2026-04-08T09:24:57","date_gmt":"2026-04-08T09:24:57","guid":{"rendered":"https:\/\/www.studio-arch.fr\/?page_id=77"},"modified":"2026-04-16T12:36:23","modified_gmt":"2026-04-16T12:36:23","slug":"contact","status":"publish","type":"page","link":"https:\/\/www.studio-arch.fr\/index.php\/accueil\/contact\/","title":{"rendered":"Contact"},"content":{"rendered":"\t\t<div data-elementor-type=\"wp-page\" data-elementor-id=\"77\" class=\"elementor elementor-77\" data-elementor-post-type=\"page\">\n\t\t\t\t<div class=\"elementor-element elementor-element-8f0ad33 e-flex e-con-boxed e-con e-parent\" data-id=\"8f0ad33\" data-element_type=\"container\" data-e-type=\"container\" data-settings=\"{&quot;background_background&quot;:&quot;classic&quot;}\">\n\t\t\t\t\t<div class=\"e-con-inner\">\n\t\t<div class=\"elementor-element elementor-element-23d73ed e-con-full e-flex e-con e-child\" data-id=\"23d73ed\" data-element_type=\"container\" data-e-type=\"container\">\n\t\t\t\t<div class=\"elementor-element elementor-element-6fa82e5 elementor-widget elementor-widget-heading\" data-id=\"6fa82e5\" data-element_type=\"widget\" data-e-type=\"widget\" data-widget_type=\"heading.default\">\n\t\t\t\t\t<h2 class=\"elementor-heading-title elementor-size-default\">Parlons de votre projet.<\/h2>\t\t\t\t<\/div>\n\t\t<div class=\"elementor-element elementor-element-2deaa93 e-con-full e-flex e-con e-child\" data-id=\"2deaa93\" data-element_type=\"container\" data-e-type=\"container\">\n\t\t<div class=\"elementor-element elementor-element-4a40823 e-con-full e-flex e-con e-child\" data-id=\"4a40823\" data-element_type=\"container\" data-e-type=\"container\">\n\t\t\t\t<div class=\"elementor-element elementor-element-a56bab3 elementor-widget elementor-widget-text-editor\" data-id=\"a56bab3\" data-element_type=\"widget\" data-e-type=\"widget\" data-widget_type=\"text-editor.default\">\n\t\t\t\t\t\t\t\t\t<b>Agence Le Bourget-du-Lac (73370)\n<\/b><br>\nB\u00e2timent \u00ab le Colibri \u00bb<br>\n18, boulevard de la Mer Caspienne<br>\n73 374 Le Bourget-du-Lac<br>\n+33 4 79 28 72 22\n\t\t\t\t\t\t\t\t<\/div>\n\t\t\t\t<div class=\"elementor-element elementor-element-93b6cc1 elementor-widget elementor-widget-text-editor\" data-id=\"93b6cc1\" data-element_type=\"widget\" data-e-type=\"widget\" data-widget_type=\"text-editor.default\">\n\t\t\t\t\t\t\t\t\t\n\u00e9crire : studio-arch@studio-arch.fr<br>\npostuler : emploi@studio-arch.fr\t\t\t\t\t\t\t\t<\/div>\n\t\t\t\t<\/div>\n\t\t<div class=\"elementor-element elementor-element-655e84c e-con-full e-flex e-con e-child\" data-id=\"655e84c\" data-element_type=\"container\" data-e-type=\"container\">\n\t\t\t\t<div class=\"elementor-element elementor-element-cf41ddf elementor-widget elementor-widget-text-editor\" data-id=\"cf41ddf\" data-element_type=\"widget\" data-e-type=\"widget\" data-widget_type=\"text-editor.default\">\n\t\t\t\t\t\t\t\t\t<b>Agence Aix-en-Provence (13100)<\/b><br>\nDomaine de l\u2019Escapade<br>\n203, avenue Paul Jullien<br>\n13 100 Le Tholonet<br>\n+33 4 79 28 72 22\t\t\t\t\t\t\t\t<\/div>\n\t\t\t\t<div class=\"elementor-element elementor-element-fe6a856 elementor-widget elementor-widget-text-editor\" data-id=\"fe6a856\" data-element_type=\"widget\" data-e-type=\"widget\" data-widget_type=\"text-editor.default\">\n\t\t\t\t\t\t\t\t\t\n\u00e9crire : studio-arch@studio-arch.fr<br>\npostuler : emploi@studio-arch.fr\t\t\t\t\t\t\t\t<\/div>\n\t\t\t\t<\/div>\n\t\t\t\t<\/div>\n\t\t\t\t<\/div>\n\t\t\t\t\t<\/div>\n\t\t\t\t<\/div>\n\t\t<div class=\"elementor-element elementor-element-db4ceb0 e-flex e-con-boxed e-con e-parent\" data-id=\"db4ceb0\" data-element_type=\"container\" data-e-type=\"container\" data-settings=\"{&quot;background_background&quot;:&quot;classic&quot;}\">\n\t\t\t\t\t<div class=\"e-con-inner\">\n\t\t<div class=\"elementor-element elementor-element-d13e696 e-con-full e-flex e-con e-child\" data-id=\"d13e696\" data-element_type=\"container\" data-e-type=\"container\">\n\t\t<div class=\"elementor-element elementor-element-0bfd551 e-flex e-con-boxed e-con e-child\" data-id=\"0bfd551\" data-element_type=\"container\" data-e-type=\"container\">\n\t\t\t\t\t<div class=\"e-con-inner\">\n\t\t\t\t<div class=\"elementor-element elementor-element-216679c elementor-widget-mobile__width-inherit elementor-widget elementor-widget-heading\" data-id=\"216679c\" data-element_type=\"widget\" data-e-type=\"widget\" data-widget_type=\"heading.default\">\n\t\t\t\t\t<h2 class=\"elementor-heading-title elementor-size-default\">Votre demande<\/h2>\t\t\t\t<\/div>\n\t\t\t\t<div class=\"elementor-element elementor-element-399786b elementor-button-align-start elementor-widget__width-inherit elementor-widget-mobile__width-inherit formulaire elementor-widget elementor-widget-form\" data-id=\"399786b\" data-element_type=\"widget\" data-e-type=\"widget\" data-settings=\"{&quot;step_next_label&quot;:&quot;Suivant&quot;,&quot;step_previous_label&quot;:&quot;Pr\\u00e9c\\u00e9dent&quot;,&quot;button_width&quot;:&quot;100&quot;,&quot;step_type&quot;:&quot;number_text&quot;,&quot;step_icon_shape&quot;:&quot;circle&quot;}\" data-widget_type=\"form.default\">\n\t\t\t\t\t\t\t<form class=\"elementor-form\" method=\"post\" name=\"Formulaire\" aria-label=\"Formulaire\">\n\t\t\t<input type=\"hidden\" name=\"post_id\" value=\"77\"\/>\n\t\t\t<input type=\"hidden\" name=\"form_id\" value=\"399786b\"\/>\n\t\t\t<input type=\"hidden\" name=\"referer_title\" value=\"Studio Arch\" \/>\n\n\t\t\t\n\t\t\t<div class=\"elementor-form-fields-wrapper elementor-labels-\">\n\t\t\t\t\t\t\t\t<div class=\"elementor-field-type-text elementor-field-group elementor-column elementor-field-group-field_dc89275 elementor-col-50 elementor-field-required\">\n\t\t\t\t\t\t\t\t\t\t\t\t<label for=\"form-field-field_dc89275\" class=\"elementor-field-label elementor-screen-only\">\n\t\t\t\t\t\t\t\tNom\t\t\t\t\t\t\t<\/label>\n\t\t\t\t\t\t\t\t\t\t\t\t\t\t<input size=\"1\" type=\"text\" name=\"form_fields[field_dc89275]\" id=\"form-field-field_dc89275\" class=\"elementor-field elementor-size-sm  elementor-field-textual\" placeholder=\"Nom\" required=\"required\">\n\t\t\t\t\t\t\t\t\t\t\t<\/div>\n\t\t\t\t\t\t\t\t<div class=\"elementor-field-type-text elementor-field-group elementor-column elementor-field-group-name elementor-col-50 elementor-field-required\">\n\t\t\t\t\t\t\t\t\t\t\t\t<label for=\"form-field-name\" class=\"elementor-field-label elementor-screen-only\">\n\t\t\t\t\t\t\t\tPr\u00e9nom\t\t\t\t\t\t\t<\/label>\n\t\t\t\t\t\t\t\t\t\t\t\t\t\t<input size=\"1\" type=\"text\" name=\"form_fields[name]\" id=\"form-field-name\" class=\"elementor-field elementor-size-sm  elementor-field-textual\" placeholder=\"Pr\u00e9nom\" required=\"required\">\n\t\t\t\t\t\t\t\t\t\t\t<\/div>\n\t\t\t\t\t\t\t\t<div class=\"elementor-field-type-text elementor-field-group elementor-column elementor-field-group-field_007acad elementor-col-50\">\n\t\t\t\t\t\t\t\t\t\t\t\t<label for=\"form-field-field_007acad\" class=\"elementor-field-label elementor-screen-only\">\n\t\t\t\t\t\t\t\tEntreprise\t\t\t\t\t\t\t<\/label>\n\t\t\t\t\t\t\t\t\t\t\t\t\t\t<input size=\"1\" type=\"text\" name=\"form_fields[field_007acad]\" id=\"form-field-field_007acad\" class=\"elementor-field elementor-size-sm  elementor-field-textual\" placeholder=\"Entreprise (facultatif)\">\n\t\t\t\t\t\t\t\t\t\t\t<\/div>\n\t\t\t\t\t\t\t\t<div class=\"elementor-field-type-text elementor-field-group elementor-column elementor-field-group-field_e62b320 elementor-col-50\">\n\t\t\t\t\t\t\t\t\t\t\t\t<label for=\"form-field-field_e62b320\" class=\"elementor-field-label elementor-screen-only\">\n\t\t\t\t\t\t\t\tFonction\t\t\t\t\t\t\t<\/label>\n\t\t\t\t\t\t\t\t\t\t\t\t\t\t<input size=\"1\" type=\"text\" name=\"form_fields[field_e62b320]\" id=\"form-field-field_e62b320\" class=\"elementor-field elementor-size-sm  elementor-field-textual\" placeholder=\"Fonction (facultatif)\">\n\t\t\t\t\t\t\t\t\t\t\t<\/div>\n\t\t\t\t\t\t\t\t<div class=\"elementor-field-type-email elementor-field-group elementor-column elementor-field-group-field_a05fbbb elementor-col-50 elementor-field-required\">\n\t\t\t\t\t\t\t\t\t\t\t\t<label for=\"form-field-field_a05fbbb\" class=\"elementor-field-label elementor-screen-only\">\n\t\t\t\t\t\t\t\tE-mail\t\t\t\t\t\t\t<\/label>\n\t\t\t\t\t\t\t\t\t\t\t\t\t\t<input size=\"1\" type=\"email\" name=\"form_fields[field_a05fbbb]\" id=\"form-field-field_a05fbbb\" class=\"elementor-field elementor-size-sm  elementor-field-textual\" placeholder=\"Adresse e-mail\" required=\"required\">\n\t\t\t\t\t\t\t\t\t\t\t<\/div>\n\t\t\t\t\t\t\t\t<div class=\"elementor-field-type-tel elementor-field-group elementor-column elementor-field-group-field_2bc82aa elementor-col-50 elementor-field-required\">\n\t\t\t\t\t\t\t\t\t\t\t\t<label for=\"form-field-field_2bc82aa\" class=\"elementor-field-label elementor-screen-only\">\n\t\t\t\t\t\t\t\tT\u00e9l\u00e9phone\t\t\t\t\t\t\t<\/label>\n\t\t\t\t\t\t\t\t<input size=\"1\" type=\"tel\" name=\"form_fields[field_2bc82aa]\" id=\"form-field-field_2bc82aa\" class=\"elementor-field elementor-size-sm  elementor-field-textual\" placeholder=\"T\u00e9l\u00e9phone\" required=\"required\" pattern=\"[0-9()#&amp;+*-=.]+\" title=\"Seuls les caract\u00e8res de num\u00e9ros de t\u00e9l\u00e9phone (#, -, *, etc.) sont accept\u00e9s.\">\n\n\t\t\t\t\t\t<\/div>\n\t\t\t\t\t\t\t\t<div class=\"elementor-field-type-textarea elementor-field-group elementor-column elementor-field-group-message elementor-col-100 elementor-field-required\">\n\t\t\t\t\t\t\t\t\t\t\t\t<label for=\"form-field-message\" class=\"elementor-field-label elementor-screen-only\">\n\t\t\t\t\t\t\t\tVotre message\t\t\t\t\t\t\t<\/label>\n\t\t\t\t\t\t<textarea class=\"elementor-field-textual elementor-field  elementor-size-sm\" name=\"form_fields[message]\" id=\"form-field-message\" rows=\"6\" placeholder=\"Votre message\" required=\"required\"><\/textarea>\t\t\t\t<\/div>\n\t\t\t\t\t\t\t\t<div class=\"elementor-field-type-html elementor-field-group elementor-column elementor-field-group-field_60fb329 elementor-col-100\">\n\t\t\t\t\tLes informations obtenues via ce formulaire seront utilis\u00e9es uniquement pour r\u00e9pondre \u00e0 votre demande et seront conserv\u00e9es au maximum deux ann\u00e9es. Conform\u00e9ment \u00e0 la loi du 6 janvier 1978 relative \u00e0 l\u2019informatique, aux fichiers et aux libert\u00e9s, tout utilisateur dispose d\u2019un droit d\u2019acc\u00e8s, de rectification et d\u2019opposition aux donn\u00e9es personnelles le concernant. Ce site est prot\u00e9g\u00e9 par reCAPTCHA et Google&nbsp;: <a href=\"https:\/\/policies.google.com\/privacy\">la politique de confidentialit\u00e9<\/a> et <a href=\"https:\/\/policies.google.com\/terms\">les conditions d'utilisation<\/a> s'appliquent.\t\t\t\t<\/div>\n\t\t\t\t\t\t\t\t<div class=\"elementor-field-type-recaptcha_v3 elementor-field-group elementor-column elementor-field-group-field_7f6844c elementor-col-100 recaptcha_v3-bottomright\">\n\t\t\t\t\t<div class=\"elementor-field\" id=\"form-field-field_7f6844c\"><div class=\"elementor-g-recaptcha\" data-sitekey=\"6Lddna4sAAAAAEnxKJxe0YXNmD7YDE3KlTRKEfIz\" data-type=\"v3\" data-action=\"Form\" data-badge=\"bottomright\" data-size=\"invisible\"><\/div><\/div>\t\t\t\t<\/div>\n\t\t\t\t\t\t\t\t<div class=\"elementor-field-group elementor-column elementor-field-type-submit elementor-col-100 e-form__buttons\">\n\t\t\t\t\t<button class=\"elementor-button elementor-size-sm\" type=\"submit\">\n\t\t\t\t\t\t<span class=\"elementor-button-content-wrapper\">\n\t\t\t\t\t\t\t\t\t\t\t\t\t\t\t\t\t\t\t\t\t\t<span class=\"elementor-button-text\">Valider<\/span>\n\t\t\t\t\t\t\t\t\t\t\t\t\t<\/span>\n\t\t\t\t\t<\/button>\n\t\t\t\t<\/div>\n\t\t\t<\/div>\n\t\t<\/form>\n\t\t\t\t\t\t<\/div>\n\t\t\t\t\t<\/div>\n\t\t\t\t<\/div>\n\t\t\t\t<\/div>\n\t\t<div class=\"elementor-element elementor-element-310952f e-con-full e-flex e-con e-child\" data-id=\"310952f\" data-element_type=\"container\" data-e-type=\"container\">\n\t\t\t\t<div class=\"elementor-element elementor-element-bf2089a elementor-widget-mobile__width-inherit elementor-widget elementor-widget-image\" data-id=\"bf2089a\" data-element_type=\"widget\" data-e-type=\"widget\" data-widget_type=\"image.default\">\n\t\t\t\t\t\t\t\t\t\t\t\t\t\t\t<img fetchpriority=\"high\" decoding=\"async\" width=\"921\" height=\"1064\" src=\"https:\/\/www.studio-arch.fr\/wp-content\/uploads\/2026\/04\/studioarch_agence_contact_projet.webp\" class=\"attachment-2048x2048 size-2048x2048 wp-image-304\" alt=\"Am\u00e9nagement d\u2019int\u00e9rieur moderne par Studio Arch \u00e0 Grenoble\" srcset=\"https:\/\/www.studio-arch.fr\/wp-content\/uploads\/2026\/04\/studioarch_agence_contact_projet.webp 921w, https:\/\/www.studio-arch.fr\/wp-content\/uploads\/2026\/04\/studioarch_agence_contact_projet-260x300.webp 260w, https:\/\/www.studio-arch.fr\/wp-content\/uploads\/2026\/04\/studioarch_agence_contact_projet-886x1024.webp 886w, https:\/\/www.studio-arch.fr\/wp-content\/uploads\/2026\/04\/studioarch_agence_contact_projet-768x887.webp 768w\" sizes=\"(max-width: 921px) 100vw, 921px\" \/>\t\t\t\t\t\t\t\t\t\t\t\t\t\t\t<\/div>\n\t\t\t\t<\/div>\n\t\t\t\t\t<\/div>\n\t\t\t\t<\/div>\n\t\t\t\t<\/div>\n\t\t","protected":false},"excerpt":{"rendered":"<p>Parlons de votre projet. Agence Le Bourget-du-Lac (73370) B\u00e2timent \u00ab le Colibri \u00bb 18, boulevard de la Mer Caspienne 73 374 Le Bourget-du-Lac +33 4 79 28 72 22 \u00e9crire : studio-arch@studio-arch.fr postuler : emploi@studio-arch.frAgence Aix-en-Provence (13100) Domaine de l\u2019Escapade 203, avenue Paul Jullien 13 100 Le Tholonet +33 4 79 28 72 22 \u00e9crire [&hellip;]<\/p>\n","protected":false},"author":1,"featured_media":787,"parent":73,"menu_order":0,"comment_status":"closed","ping_status":"closed","template":"elementor_header_footer","meta":{"footnotes":""},"class_list":["post-77","page","type-page","status-publish","has-post-thumbnail","hentry"],"yoast_head":"<!-- This site is optimized with the Yoast SEO plugin v27.3 - https:\/\/yoast.com\/product\/yoast-seo-wordpress\/ -->\n<title>Contact - Studio Arch<\/title>\n<meta name=\"description\" content=\"Un projet en t\u00eate ? Contactez Studio Arch pour \u00e9changer sur vos besoins et donner vie \u00e0 vos id\u00e9es architecturales.\" \/>\n<meta name=\"robots\" content=\"index, follow, max-snippet:-1, max-image-preview:large, max-video-preview:-1\" \/>\n<link rel=\"canonical\" href=\"https:\/\/www.studio-arch.fr\/index.php\/accueil\/contact\/\" \/>\n<meta property=\"og:locale\" content=\"fr_FR\" \/>\n<meta property=\"og:type\" content=\"article\" \/>\n<meta property=\"og:title\" content=\"Contact - Studio Arch\" \/>\n<meta property=\"og:description\" content=\"Un projet en t\u00eate ? Contactez Studio Arch pour \u00e9changer sur vos besoins et donner vie \u00e0 vos id\u00e9es architecturales.\" \/>\n<meta property=\"og:url\" content=\"https:\/\/www.studio-arch.fr\/index.php\/accueil\/contact\/\" \/>\n<meta property=\"og:site_name\" content=\"Studio Arch\" \/>\n<meta property=\"article:modified_time\" content=\"2026-04-16T12:36:23+00:00\" \/>\n<meta property=\"og:image\" content=\"http:\/\/www.studio-arch.fr\/wp-content\/uploads\/2026\/04\/StudioArch_ImageReseaux.webp\" \/>\n\t<meta property=\"og:image:width\" content=\"1200\" \/>\n\t<meta property=\"og:image:height\" content=\"630\" \/>\n\t<meta property=\"og:image:type\" content=\"image\/webp\" \/>\n<meta name=\"twitter:card\" content=\"summary_large_image\" \/>\n<meta name=\"twitter:label1\" content=\"Dur\u00e9e de lecture estim\u00e9e\" \/>\n\t<meta name=\"twitter:data1\" content=\"1 minute\" \/>\n<script type=\"application\/ld+json\" class=\"yoast-schema-graph\">{\"@context\":\"https:\\\/\\\/schema.org\",\"@graph\":[{\"@type\":\"WebPage\",\"@id\":\"https:\\\/\\\/www.studio-arch.fr\\\/index.php\\\/accueil\\\/contact\\\/\",\"url\":\"https:\\\/\\\/www.studio-arch.fr\\\/index.php\\\/accueil\\\/contact\\\/\",\"name\":\"Contact - Studio Arch\",\"isPartOf\":{\"@id\":\"https:\\\/\\\/www.studio-arch.fr\\\/#website\"},\"primaryImageOfPage\":{\"@id\":\"https:\\\/\\\/www.studio-arch.fr\\\/index.php\\\/accueil\\\/contact\\\/#primaryimage\"},\"image\":{\"@id\":\"https:\\\/\\\/www.studio-arch.fr\\\/index.php\\\/accueil\\\/contact\\\/#primaryimage\"},\"thumbnailUrl\":\"https:\\\/\\\/www.studio-arch.fr\\\/wp-content\\\/uploads\\\/2026\\\/04\\\/StudioArch_MiseEnAvant.webp\",\"datePublished\":\"2026-04-08T09:24:57+00:00\",\"dateModified\":\"2026-04-16T12:36:23+00:00\",\"description\":\"Un projet en t\u00eate ? Contactez Studio Arch pour \u00e9changer sur vos besoins et donner vie \u00e0 vos id\u00e9es architecturales.\",\"breadcrumb\":{\"@id\":\"https:\\\/\\\/www.studio-arch.fr\\\/index.php\\\/accueil\\\/contact\\\/#breadcrumb\"},\"inLanguage\":\"fr-FR\",\"potentialAction\":[{\"@type\":\"ReadAction\",\"target\":[\"https:\\\/\\\/www.studio-arch.fr\\\/index.php\\\/accueil\\\/contact\\\/\"]}]},{\"@type\":\"ImageObject\",\"inLanguage\":\"fr-FR\",\"@id\":\"https:\\\/\\\/www.studio-arch.fr\\\/index.php\\\/accueil\\\/contact\\\/#primaryimage\",\"url\":\"https:\\\/\\\/www.studio-arch.fr\\\/wp-content\\\/uploads\\\/2026\\\/04\\\/StudioArch_MiseEnAvant.webp\",\"contentUrl\":\"https:\\\/\\\/www.studio-arch.fr\\\/wp-content\\\/uploads\\\/2026\\\/04\\\/StudioArch_MiseEnAvant.webp\",\"width\":800,\"height\":800},{\"@type\":\"BreadcrumbList\",\"@id\":\"https:\\\/\\\/www.studio-arch.fr\\\/index.php\\\/accueil\\\/contact\\\/#breadcrumb\",\"itemListElement\":[{\"@type\":\"ListItem\",\"position\":1,\"name\":\"Home\",\"item\":\"https:\\\/\\\/www.studio-arch.fr\\\/\"},{\"@type\":\"ListItem\",\"position\":2,\"name\":\"Accueil\",\"item\":\"https:\\\/\\\/www.studio-arch.fr\\\/\"},{\"@type\":\"ListItem\",\"position\":3,\"name\":\"Contact\"}]},{\"@type\":\"WebSite\",\"@id\":\"https:\\\/\\\/www.studio-arch.fr\\\/#website\",\"url\":\"https:\\\/\\\/www.studio-arch.fr\\\/\",\"name\":\"Studio Arch\",\"description\":\"Architectes dans les Alpes et autour d&#039;Aix-en\",\"potentialAction\":[{\"@type\":\"SearchAction\",\"target\":{\"@type\":\"EntryPoint\",\"urlTemplate\":\"https:\\\/\\\/www.studio-arch.fr\\\/?s={search_term_string}\"},\"query-input\":{\"@type\":\"PropertyValueSpecification\",\"valueRequired\":true,\"valueName\":\"search_term_string\"}}],\"inLanguage\":\"fr-FR\"}]}<\/script>\n<!-- \/ Yoast SEO plugin. -->","yoast_head_json":{"title":"Contact - Studio Arch","description":"Un projet en t\u00eate ? Contactez Studio Arch pour \u00e9changer sur vos besoins et donner vie \u00e0 vos id\u00e9es architecturales.","robots":{"index":"index","follow":"follow","max-snippet":"max-snippet:-1","max-image-preview":"max-image-preview:large","max-video-preview":"max-video-preview:-1"},"canonical":"https:\/\/www.studio-arch.fr\/index.php\/accueil\/contact\/","og_locale":"fr_FR","og_type":"article","og_title":"Contact - Studio Arch","og_description":"Un projet en t\u00eate ? Contactez Studio Arch pour \u00e9changer sur vos besoins et donner vie \u00e0 vos id\u00e9es architecturales.","og_url":"https:\/\/www.studio-arch.fr\/index.php\/accueil\/contact\/","og_site_name":"Studio Arch","article_modified_time":"2026-04-16T12:36:23+00:00","og_image":[{"width":1200,"height":630,"url":"http:\/\/www.studio-arch.fr\/wp-content\/uploads\/2026\/04\/StudioArch_ImageReseaux.webp","type":"image\/webp"}],"twitter_card":"summary_large_image","twitter_misc":{"Dur\u00e9e de lecture estim\u00e9e":"1 minute"},"schema":{"@context":"https:\/\/schema.org","@graph":[{"@type":"WebPage","@id":"https:\/\/www.studio-arch.fr\/index.php\/accueil\/contact\/","url":"https:\/\/www.studio-arch.fr\/index.php\/accueil\/contact\/","name":"Contact - Studio Arch","isPartOf":{"@id":"https:\/\/www.studio-arch.fr\/#website"},"primaryImageOfPage":{"@id":"https:\/\/www.studio-arch.fr\/index.php\/accueil\/contact\/#primaryimage"},"image":{"@id":"https:\/\/www.studio-arch.fr\/index.php\/accueil\/contact\/#primaryimage"},"thumbnailUrl":"https:\/\/www.studio-arch.fr\/wp-content\/uploads\/2026\/04\/StudioArch_MiseEnAvant.webp","datePublished":"2026-04-08T09:24:57+00:00","dateModified":"2026-04-16T12:36:23+00:00","description":"Un projet en t\u00eate ? Contactez Studio Arch pour \u00e9changer sur vos besoins et donner vie \u00e0 vos id\u00e9es architecturales.","breadcrumb":{"@id":"https:\/\/www.studio-arch.fr\/index.php\/accueil\/contact\/#breadcrumb"},"inLanguage":"fr-FR","potentialAction":[{"@type":"ReadAction","target":["https:\/\/www.studio-arch.fr\/index.php\/accueil\/contact\/"]}]},{"@type":"ImageObject","inLanguage":"fr-FR","@id":"https:\/\/www.studio-arch.fr\/index.php\/accueil\/contact\/#primaryimage","url":"https:\/\/www.studio-arch.fr\/wp-content\/uploads\/2026\/04\/StudioArch_MiseEnAvant.webp","contentUrl":"https:\/\/www.studio-arch.fr\/wp-content\/uploads\/2026\/04\/StudioArch_MiseEnAvant.webp","width":800,"height":800},{"@type":"BreadcrumbList","@id":"https:\/\/www.studio-arch.fr\/index.php\/accueil\/contact\/#breadcrumb","itemListElement":[{"@type":"ListItem","position":1,"name":"Home","item":"https:\/\/www.studio-arch.fr\/"},{"@type":"ListItem","position":2,"name":"Accueil","item":"https:\/\/www.studio-arch.fr\/"},{"@type":"ListItem","position":3,"name":"Contact"}]},{"@type":"WebSite","@id":"https:\/\/www.studio-arch.fr\/#website","url":"https:\/\/www.studio-arch.fr\/","name":"Studio Arch","description":"Architectes dans les Alpes et autour d&#039;Aix-en","potentialAction":[{"@type":"SearchAction","target":{"@type":"EntryPoint","urlTemplate":"https:\/\/www.studio-arch.fr\/?s={search_term_string}"},"query-input":{"@type":"PropertyValueSpecification","valueRequired":true,"valueName":"search_term_string"}}],"inLanguage":"fr-FR"}]}},"_links":{"self":[{"href":"https:\/\/www.studio-arch.fr\/index.php\/wp-json\/wp\/v2\/pages\/77","targetHints":{"allow":["GET"]}}],"collection":[{"href":"https:\/\/www.studio-arch.fr\/index.php\/wp-json\/wp\/v2\/pages"}],"about":[{"href":"https:\/\/www.studio-arch.fr\/index.php\/wp-json\/wp\/v2\/types\/page"}],"author":[{"embeddable":true,"href":"https:\/\/www.studio-arch.fr\/index.php\/wp-json\/wp\/v2\/users\/1"}],"replies":[{"embeddable":true,"href":"https:\/\/www.studio-arch.fr\/index.php\/wp-json\/wp\/v2\/comments?post=77"}],"version-history":[{"count":16,"href":"https:\/\/www.studio-arch.fr\/index.php\/wp-json\/wp\/v2\/pages\/77\/revisions"}],"predecessor-version":[{"id":752,"href":"https:\/\/www.studio-arch.fr\/index.php\/wp-json\/wp\/v2\/pages\/77\/revisions\/752"}],"up":[{"embeddable":true,"href":"https:\/\/www.studio-arch.fr\/index.php\/wp-json\/wp\/v2\/pages\/73"}],"wp:featuredmedia":[{"embeddable":true,"href":"https:\/\/www.studio-arch.fr\/index.php\/wp-json\/wp\/v2\/media\/787"}],"wp:attachment":[{"href":"https:\/\/www.studio-arch.fr\/index.php\/wp-json\/wp\/v2\/media?parent=77"}],"curies":[{"name":"wp","href":"https:\/\/api.w.org\/{rel}","templated":true}]}}