{"id":270,"date":"2026-04-09T12:49:21","date_gmt":"2026-04-09T12:49:21","guid":{"rendered":"https:\/\/www.studio-arch.fr\/?page_id=270"},"modified":"2026-04-16T12:56:25","modified_gmt":"2026-04-16T12:56:25","slug":"politique-de-confidentialite","status":"publish","type":"page","link":"https:\/\/www.studio-arch.fr\/index.php\/accueil\/politique-de-confidentialite\/","title":{"rendered":"Politique de confidentialit\u00e9"},"content":{"rendered":"\t\t<div data-elementor-type=\"wp-page\" data-elementor-id=\"270\" class=\"elementor elementor-270\" data-elementor-post-type=\"page\">\n\t\t\t\t<div class=\"elementor-element elementor-element-f3fab38 e-flex e-con-boxed e-con e-parent\" data-id=\"f3fab38\" data-element_type=\"container\" data-e-type=\"container\" data-settings=\"{&quot;background_background&quot;:&quot;classic&quot;}\">\n\t\t\t\t\t<div class=\"e-con-inner\">\n\t\t\t\t<div class=\"elementor-element elementor-element-b518d3e elementor-widget elementor-widget-heading\" data-id=\"b518d3e\" data-element_type=\"widget\" data-e-type=\"widget\" data-widget_type=\"heading.default\">\n\t\t\t\t\t<h2 class=\"elementor-heading-title elementor-size-default\">Politique de <br>confidentialit\u00e9<\/h2>\t\t\t\t<\/div>\n\t\t\t\t\t<\/div>\n\t\t\t\t<\/div>\n\t\t<div class=\"elementor-element elementor-element-6b9b8ef e-flex e-con-boxed e-con e-parent\" data-id=\"6b9b8ef\" data-element_type=\"container\" data-e-type=\"container\">\n\t\t\t\t\t<div class=\"e-con-inner\">\n\t\t<div class=\"elementor-element elementor-element-f973448 e-con-full e-flex e-con e-child\" data-id=\"f973448\" data-element_type=\"container\" data-e-type=\"container\">\n\t\t\t\t<div class=\"elementor-element elementor-element-6b7b79b elementor-widget elementor-widget-heading\" data-id=\"6b7b79b\" data-element_type=\"widget\" data-e-type=\"widget\" data-widget_type=\"heading.default\">\n\t\t\t\t\t<h2 class=\"elementor-heading-title elementor-size-default\">1. Utilisation des donn\u00e9es personnelles<\/h2>\t\t\t\t<\/div>\n\t\t\t\t<div class=\"elementor-element elementor-element-3840b48 elementor-widget elementor-widget-text-editor\" data-id=\"3840b48\" data-element_type=\"widget\" data-e-type=\"widget\" data-widget_type=\"text-editor.default\">\n\t\t\t\t\t\t\t\t\tLes informations recueillies via les formulaires pr\u00e9sents sur le site ibecome.fr sont conserv\u00e9es pendant un maximum de 2 ans et ne seront en aucun cas transmises \u00e0 un tiers. Conform\u00e9ment \u00e0 la loi du 6 janvier 1978 relative \u00e0 l\u2019informatique, aux fichiers et aux libert\u00e9s, tout utilisateur dispose d\u2019un droit d\u2019acc\u00e8s, de rectification et d\u2019opposition aux donn\u00e9es personnelles le concernant. Pour cela, l\u2019internaute doit envoyer un e-mail \u00e0 contact@studio-arch.fr et accompagner sa demande, \u00e9crite et sign\u00e9e, d\u2019une copie du titre d\u2019identit\u00e9 avec signature du titulaire de la pi\u00e8ce.<br><br>\n\nLes donn\u00e9es personnelles recueillies ne font l\u2019objet d\u2019aucune transaction. Cependant, elles peuvent \u00eatre partag\u00e9es avec des tiers, exclusivement au sein de l\u2019Union Europ\u00e9enne, dans les cas suivants : Si vous autorisez le site web d\u2019un tiers \u00e0 acc\u00e9der \u00e0 vos donn\u00e9es :<br><br>\n\n\u2022 Si l\u2019\u00e9diteur recourt aux services de tiers pour l\u2019assistance utilisateurs ou la publicit\u00e9. Toutefois ces tiers ne disposent que d\u2019un acc\u00e8s limit\u00e9 \u00e0 ces donn\u00e9es, dans le strict cadre de l\u2019ex\u00e9cution de leur mission. Par ailleurs, ils sont \u00e9galement soumis aux m\u00eames dispositions l\u00e9gales en mati\u00e8re de protection des donn\u00e9es personnelles ;<br><br>\n\n\u2022 Si la loi l\u2019exige, l\u2019\u00e9diteur peut \u00eatre amen\u00e9 \u00e0 transmettre les donn\u00e9es personnelles collect\u00e9es afin de se conformer aux proc\u00e9dures administratives et judiciaires.\t\t\t\t\t\t\t\t<\/div>\n\t\t\t\t<\/div>\n\t\t<div class=\"elementor-element elementor-element-5d3fb91 e-con-full e-flex e-con e-child\" data-id=\"5d3fb91\" data-element_type=\"container\" data-e-type=\"container\">\n\t\t\t\t<div class=\"elementor-element elementor-element-70cfe27 elementor-widget elementor-widget-heading\" data-id=\"70cfe27\" data-element_type=\"widget\" data-e-type=\"widget\" data-widget_type=\"heading.default\">\n\t\t\t\t\t<h2 class=\"elementor-heading-title elementor-size-default\">2. Collecte des donn\u00e9es personnelles<\/h2>\t\t\t\t<\/div>\n\t\t\t\t<div class=\"elementor-element elementor-element-7b6edca elementor-widget elementor-widget-text-editor\" data-id=\"7b6edca\" data-element_type=\"widget\" data-e-type=\"widget\" data-widget_type=\"text-editor.default\">\n\t\t\t\t\t\t\t\t\tParce que nous voulons pr\u00e9server vos donn\u00e9es personnelles et votre lib\u00e9rt\u00e9, le site www.studio-arch.fr n\u2019utilise aucun cookie de tracking. Cela retranscrit nos convictions pour un monde qui pr\u00f4ne la libert\u00e9 de chacun et chacune.\t\t\t\t\t\t\t\t<\/div>\n\t\t\t\t<\/div>\n\t\t\t\t\t<\/div>\n\t\t\t\t<\/div>\n\t\t\t\t<\/div>\n\t\t","protected":false},"excerpt":{"rendered":"<p>Politique de confidentialit\u00e9 1. Utilisation des donn\u00e9es personnelles Les informations recueillies via les formulaires pr\u00e9sents sur le site ibecome.fr sont conserv\u00e9es pendant un maximum de 2 ans et ne seront en aucun cas transmises \u00e0 un tiers. Conform\u00e9ment \u00e0 la loi du 6 janvier 1978 relative \u00e0 l\u2019informatique, aux fichiers et aux libert\u00e9s, tout utilisateur [&hellip;]<\/p>\n","protected":false},"author":1,"featured_media":0,"parent":73,"menu_order":0,"comment_status":"closed","ping_status":"closed","template":"elementor_header_footer","meta":{"footnotes":""},"class_list":["post-270","page","type-page","status-publish","hentry"],"yoast_head":"<!-- This site is optimized with the Yoast SEO plugin v27.3 - https:\/\/yoast.com\/product\/yoast-seo-wordpress\/ -->\n<title>Politique de confidentialit\u00e9 - Studio Arch<\/title>\n<meta name=\"robots\" content=\"noindex, nofollow\" \/>\n<meta property=\"og:locale\" content=\"fr_FR\" \/>\n<meta property=\"og:type\" content=\"article\" \/>\n<meta property=\"og:title\" content=\"Politique de confidentialit\u00e9 - Studio Arch\" \/>\n<meta property=\"og:description\" content=\"Politique de confidentialit\u00e9 1. Utilisation des donn\u00e9es personnelles Les informations recueillies via les formulaires pr\u00e9sents sur le site ibecome.fr sont conserv\u00e9es pendant un maximum de 2 ans et ne seront en aucun cas transmises \u00e0 un tiers. Conform\u00e9ment \u00e0 la loi du 6 janvier 1978 relative \u00e0 l\u2019informatique, aux fichiers et aux libert\u00e9s, tout utilisateur [&hellip;]\" \/>\n<meta property=\"og:url\" content=\"https:\/\/www.studio-arch.fr\/index.php\/accueil\/politique-de-confidentialite\/\" \/>\n<meta property=\"og:site_name\" content=\"Studio Arch\" \/>\n<meta property=\"article:modified_time\" content=\"2026-04-16T12:56:25+00:00\" \/>\n<meta name=\"twitter:card\" content=\"summary_large_image\" \/>\n<meta name=\"twitter:label1\" content=\"Dur\u00e9e de lecture estim\u00e9e\" \/>\n\t<meta name=\"twitter:data1\" content=\"2 minutes\" \/>\n<script type=\"application\/ld+json\" class=\"yoast-schema-graph\">{\"@context\":\"https:\\\/\\\/schema.org\",\"@graph\":[{\"@type\":\"WebPage\",\"@id\":\"https:\\\/\\\/www.studio-arch.fr\\\/index.php\\\/accueil\\\/politique-de-confidentialite\\\/\",\"url\":\"https:\\\/\\\/www.studio-arch.fr\\\/index.php\\\/accueil\\\/politique-de-confidentialite\\\/\",\"name\":\"Politique de confidentialit\u00e9 - Studio Arch\",\"isPartOf\":{\"@id\":\"https:\\\/\\\/www.studio-arch.fr\\\/#website\"},\"datePublished\":\"2026-04-09T12:49:21+00:00\",\"dateModified\":\"2026-04-16T12:56:25+00:00\",\"breadcrumb\":{\"@id\":\"https:\\\/\\\/www.studio-arch.fr\\\/index.php\\\/accueil\\\/politique-de-confidentialite\\\/#breadcrumb\"},\"inLanguage\":\"fr-FR\",\"potentialAction\":[{\"@type\":\"ReadAction\",\"target\":[\"https:\\\/\\\/www.studio-arch.fr\\\/index.php\\\/accueil\\\/politique-de-confidentialite\\\/\"]}]},{\"@type\":\"BreadcrumbList\",\"@id\":\"https:\\\/\\\/www.studio-arch.fr\\\/index.php\\\/accueil\\\/politique-de-confidentialite\\\/#breadcrumb\",\"itemListElement\":[{\"@type\":\"ListItem\",\"position\":1,\"name\":\"Home\",\"item\":\"https:\\\/\\\/www.studio-arch.fr\\\/\"},{\"@type\":\"ListItem\",\"position\":2,\"name\":\"Accueil\",\"item\":\"https:\\\/\\\/www.studio-arch.fr\\\/\"},{\"@type\":\"ListItem\",\"position\":3,\"name\":\"Politique de confidentialit\u00e9\"}]},{\"@type\":\"WebSite\",\"@id\":\"https:\\\/\\\/www.studio-arch.fr\\\/#website\",\"url\":\"https:\\\/\\\/www.studio-arch.fr\\\/\",\"name\":\"Studio Arch\",\"description\":\"Architectes dans les Alpes et autour d&#039;Aix-en\",\"potentialAction\":[{\"@type\":\"SearchAction\",\"target\":{\"@type\":\"EntryPoint\",\"urlTemplate\":\"https:\\\/\\\/www.studio-arch.fr\\\/?s={search_term_string}\"},\"query-input\":{\"@type\":\"PropertyValueSpecification\",\"valueRequired\":true,\"valueName\":\"search_term_string\"}}],\"inLanguage\":\"fr-FR\"}]}<\/script>\n<!-- \/ Yoast SEO plugin. -->","yoast_head_json":{"title":"Politique de confidentialit\u00e9 - Studio Arch","robots":{"index":"noindex","follow":"nofollow"},"og_locale":"fr_FR","og_type":"article","og_title":"Politique de confidentialit\u00e9 - Studio Arch","og_description":"Politique de confidentialit\u00e9 1. Utilisation des donn\u00e9es personnelles Les informations recueillies via les formulaires pr\u00e9sents sur le site ibecome.fr sont conserv\u00e9es pendant un maximum de 2 ans et ne seront en aucun cas transmises \u00e0 un tiers. Conform\u00e9ment \u00e0 la loi du 6 janvier 1978 relative \u00e0 l\u2019informatique, aux fichiers et aux libert\u00e9s, tout utilisateur [&hellip;]","og_url":"https:\/\/www.studio-arch.fr\/index.php\/accueil\/politique-de-confidentialite\/","og_site_name":"Studio Arch","article_modified_time":"2026-04-16T12:56:25+00:00","twitter_card":"summary_large_image","twitter_misc":{"Dur\u00e9e de lecture estim\u00e9e":"2 minutes"},"schema":{"@context":"https:\/\/schema.org","@graph":[{"@type":"WebPage","@id":"https:\/\/www.studio-arch.fr\/index.php\/accueil\/politique-de-confidentialite\/","url":"https:\/\/www.studio-arch.fr\/index.php\/accueil\/politique-de-confidentialite\/","name":"Politique de confidentialit\u00e9 - Studio Arch","isPartOf":{"@id":"https:\/\/www.studio-arch.fr\/#website"},"datePublished":"2026-04-09T12:49:21+00:00","dateModified":"2026-04-16T12:56:25+00:00","breadcrumb":{"@id":"https:\/\/www.studio-arch.fr\/index.php\/accueil\/politique-de-confidentialite\/#breadcrumb"},"inLanguage":"fr-FR","potentialAction":[{"@type":"ReadAction","target":["https:\/\/www.studio-arch.fr\/index.php\/accueil\/politique-de-confidentialite\/"]}]},{"@type":"BreadcrumbList","@id":"https:\/\/www.studio-arch.fr\/index.php\/accueil\/politique-de-confidentialite\/#breadcrumb","itemListElement":[{"@type":"ListItem","position":1,"name":"Home","item":"https:\/\/www.studio-arch.fr\/"},{"@type":"ListItem","position":2,"name":"Accueil","item":"https:\/\/www.studio-arch.fr\/"},{"@type":"ListItem","position":3,"name":"Politique de confidentialit\u00e9"}]},{"@type":"WebSite","@id":"https:\/\/www.studio-arch.fr\/#website","url":"https:\/\/www.studio-arch.fr\/","name":"Studio Arch","description":"Architectes dans les Alpes et autour d&#039;Aix-en","potentialAction":[{"@type":"SearchAction","target":{"@type":"EntryPoint","urlTemplate":"https:\/\/www.studio-arch.fr\/?s={search_term_string}"},"query-input":{"@type":"PropertyValueSpecification","valueRequired":true,"valueName":"search_term_string"}}],"inLanguage":"fr-FR"}]}},"_links":{"self":[{"href":"https:\/\/www.studio-arch.fr\/index.php\/wp-json\/wp\/v2\/pages\/270","targetHints":{"allow":["GET"]}}],"collection":[{"href":"https:\/\/www.studio-arch.fr\/index.php\/wp-json\/wp\/v2\/pages"}],"about":[{"href":"https:\/\/www.studio-arch.fr\/index.php\/wp-json\/wp\/v2\/types\/page"}],"author":[{"embeddable":true,"href":"https:\/\/www.studio-arch.fr\/index.php\/wp-json\/wp\/v2\/users\/1"}],"replies":[{"embeddable":true,"href":"https:\/\/www.studio-arch.fr\/index.php\/wp-json\/wp\/v2\/comments?post=270"}],"version-history":[{"count":7,"href":"https:\/\/www.studio-arch.fr\/index.php\/wp-json\/wp\/v2\/pages\/270\/revisions"}],"predecessor-version":[{"id":277,"href":"https:\/\/www.studio-arch.fr\/index.php\/wp-json\/wp\/v2\/pages\/270\/revisions\/277"}],"up":[{"embeddable":true,"href":"https:\/\/www.studio-arch.fr\/index.php\/wp-json\/wp\/v2\/pages\/73"}],"wp:attachment":[{"href":"https:\/\/www.studio-arch.fr\/index.php\/wp-json\/wp\/v2\/media?parent=270"}],"curies":[{"name":"wp","href":"https:\/\/api.w.org\/{rel}","templated":true}]}}